{"id":3467,"date":"2024-11-24T16:42:36","date_gmt":"2024-11-24T15:42:36","guid":{"rendered":"https:\/\/villaagrimare.it\/?page_id=3467"},"modified":"2025-03-25T00:50:00","modified_gmt":"2025-03-24T23:50:00","slug":"blog-2","status":"publish","type":"page","link":"https:\/\/villaagrimare.it\/eng\/blog-2\/","title":{"rendered":"News"},"content":{"rendered":"<div data-elementor-type=\"wp-page\" data-elementor-id=\"3467\" class=\"elementor elementor-3467\">\n\t\t\t\t<div class=\"elementor-element elementor-element-7c122d8 e-flex e-con-boxed e-con e-parent\" data-id=\"7c122d8\" data-element_type=\"container\" data-e-type=\"container\">\n\t\t\t\t\t<div class=\"e-con-inner\">\n\t\t\t\t<div class=\"elementor-element elementor-element-5b70fbe elementor-widget elementor-widget-cs_blog\" data-id=\"5b70fbe\" data-element_type=\"widget\" data-e-type=\"widget\" data-widget_type=\"cs_blog.default\">\n\t\t\t\t<div class=\"elementor-widget-container\">\n\t\t\t\t\t\t\t\t\t<div class=\"posts text-center layout-zigzag layout-list img-ratio-3-2\">\n\t\t\t\t\t\t\t\t\t<div class=\"posts-wrapper\">\n<article class=\"post-4609 post type-post status-publish format-standard has-post-thumbnail hentry\">\n            <div class=\"featured-img\">\n        \t<a href=\"https:\/\/villaagrimare.it\/eng\/promo\/\"><img fetchpriority=\"high\" decoding=\"async\" width=\"780\" height=\"1040\" src=\"https:\/\/villaagrimare.it\/wp-content\/uploads\/2025\/12\/IMG_6559-scaled-1-780x1040.webp\" class=\"attachment-cozystay_780x9999 size-cozystay_780x9999 wp-post-image\" alt=\"\" srcset=\"https:\/\/villaagrimare.it\/wp-content\/uploads\/2025\/12\/IMG_6559-scaled-1-780x1040.webp 780w, https:\/\/villaagrimare.it\/wp-content\/uploads\/2025\/12\/IMG_6559-scaled-1-225x300.webp 225w, https:\/\/villaagrimare.it\/wp-content\/uploads\/2025\/12\/IMG_6559-scaled-1-768x1024.webp 768w, https:\/\/villaagrimare.it\/wp-content\/uploads\/2025\/12\/IMG_6559-scaled-1-1152x1536.webp 1152w, https:\/\/villaagrimare.it\/wp-content\/uploads\/2025\/12\/IMG_6559-scaled-1-1536x2048.webp 1536w, https:\/\/villaagrimare.it\/wp-content\/uploads\/2025\/12\/IMG_6559-scaled-1-9x12.webp 9w, https:\/\/villaagrimare.it\/wp-content\/uploads\/2025\/12\/IMG_6559-scaled-1-1440x1920.webp 1440w, https:\/\/villaagrimare.it\/wp-content\/uploads\/2025\/12\/IMG_6559-scaled-1-1200x1600.webp 1200w, https:\/\/villaagrimare.it\/wp-content\/uploads\/2025\/12\/IMG_6559-scaled-1-600x800.webp 600w, https:\/\/villaagrimare.it\/wp-content\/uploads\/2025\/12\/IMG_6559-scaled-1-550x733.webp 550w, https:\/\/villaagrimare.it\/wp-content\/uploads\/2025\/12\/IMG_6559-scaled-1-370x493.webp 370w, https:\/\/villaagrimare.it\/wp-content\/uploads\/2025\/12\/IMG_6559-scaled-1-255x340.webp 255w, https:\/\/villaagrimare.it\/wp-content\/uploads\/2025\/12\/IMG_6559-scaled-1-450x600.webp 450w, https:\/\/villaagrimare.it\/wp-content\/uploads\/2025\/12\/IMG_6559-scaled-1.webp 1920w\" sizes=\"(max-width: 780px) 100vw, 780px\" \/><\/a>            <div class=\"overlay-label time-label featured-style\">\n                <div class=\"meta-item time\">\n                    <time class=\"published\" datetime=\"2025-12-13T01:22:22+01:00\">\n                        <span class=\"month\">Dec<\/span> <span class=\"day\">13<\/span>\n                    <\/time>\n                <\/div>\n            <\/div>        <\/div>\n\t<div class=\"post-content\">\n\t\t<header class=\"post-header\">            <div class=\"meta-wrap\">    \t\t\t<div class=\"meta\">        <div class=\"meta-item author\">\n            By <a href=\"https:\/\/villaagrimare.it\/eng\/author\/admin\/\">Villa Agrimare<\/a>\n        <\/div>    \t\t\t<\/div>            <\/div>    <h2 class=\"post-title\">\n        <a href=\"https:\/\/villaagrimare.it\/eng\/promo\/\">Promo<\/a>\n    <\/h2>\t\t<\/header>\t\t<div class=\"post-excerpt\"><p>Promo Natale 2025 Questo Natale fatti un regalo semplice: aria buona, ulivi, pace. A Villa Agrimare\u00a0per rilassarvi, seguire il mare e godere giorni tranquilli Villa &#8230;<\/p>\n<\/div>             <footer class=\"post-footer\">        <div class=\"more-btn\">\n            <a class=\"read-more-btn button cs-btn-underline\" href=\"https:\/\/villaagrimare.it\/eng\/promo\/\"><span>Read More<\/span><\/a>\n        <\/div>            <\/footer>\t<\/div>\n<\/article>\n\n<article class=\"post-3649 post type-post status-publish format-standard has-post-thumbnail hentry\">\n            <div class=\"featured-img\">\n        \t<a href=\"https:\/\/villaagrimare.it\/eng\/lolio-extra-vergine-di-oliva-agrimare\/\"><img decoding=\"async\" width=\"780\" height=\"442\" src=\"https:\/\/villaagrimare.it\/wp-content\/uploads\/2025\/02\/raccolta-delle-olive_96967504-1-780x442.jpg\" class=\"attachment-cozystay_780x9999 size-cozystay_780x9999 wp-post-image\" alt=\"\" srcset=\"https:\/\/villaagrimare.it\/wp-content\/uploads\/2025\/02\/raccolta-delle-olive_96967504-1-780x442.jpg 780w, https:\/\/villaagrimare.it\/wp-content\/uploads\/2025\/02\/raccolta-delle-olive_96967504-1-300x170.jpg 300w, https:\/\/villaagrimare.it\/wp-content\/uploads\/2025\/02\/raccolta-delle-olive_96967504-1-1024x580.jpg 1024w, https:\/\/villaagrimare.it\/wp-content\/uploads\/2025\/02\/raccolta-delle-olive_96967504-1-768x435.jpg 768w, https:\/\/villaagrimare.it\/wp-content\/uploads\/2025\/02\/raccolta-delle-olive_96967504-1-18x10.jpg 18w, https:\/\/villaagrimare.it\/wp-content\/uploads\/2025\/02\/raccolta-delle-olive_96967504-1-1200x680.jpg 1200w, https:\/\/villaagrimare.it\/wp-content\/uploads\/2025\/02\/raccolta-delle-olive_96967504-1-600x340.jpg 600w, https:\/\/villaagrimare.it\/wp-content\/uploads\/2025\/02\/raccolta-delle-olive_96967504-1-550x312.jpg 550w, https:\/\/villaagrimare.it\/wp-content\/uploads\/2025\/02\/raccolta-delle-olive_96967504-1-370x210.jpg 370w, https:\/\/villaagrimare.it\/wp-content\/uploads\/2025\/02\/raccolta-delle-olive_96967504-1-255x144.jpg 255w, https:\/\/villaagrimare.it\/wp-content\/uploads\/2025\/02\/raccolta-delle-olive_96967504-1-150x85.jpg 150w, https:\/\/villaagrimare.it\/wp-content\/uploads\/2025\/02\/raccolta-delle-olive_96967504-1.jpg 1280w\" sizes=\"(max-width: 780px) 100vw, 780px\" \/><\/a>            <div class=\"overlay-label time-label featured-style\">\n                <div class=\"meta-item time\">\n                    <time class=\"published\" datetime=\"2025-02-10T23:11:59+01:00\">\n                        <span class=\"month\">Feb<\/span> <span class=\"day\">10<\/span>\n                    <\/time>\n                <\/div>\n            <\/div>        <\/div>\n\t<div class=\"post-content\">\n\t\t<header class=\"post-header\">            <div class=\"meta-wrap\">    \t\t\t<div class=\"meta\">        <div class=\"meta-item author\">\n            By <a href=\"https:\/\/villaagrimare.it\/eng\/author\/admin\/\">Villa Agrimare<\/a>\n        <\/div>    \t\t\t<\/div>            <\/div>    <h2 class=\"post-title\">\n        <a href=\"https:\/\/villaagrimare.it\/eng\/lolio-extra-vergine-di-oliva-agrimare\/\">L&#8217;OLIO EXTRA VERGINE DI OLIVA AGRIMARE<\/a>\n    <\/h2>\t\t<\/header>\t\t<div class=\"post-excerpt\"><p>Quando pensiamo all&#8217;Olio nuovo qui a Sud tutti diventiamo allegri, come se tornassimo al nostro io pi\u00f9 vero e autentico. Una riscoperta di noi stessi, &#8230;<\/p>\n<\/div>             <footer class=\"post-footer\">        <div class=\"more-btn\">\n            <a class=\"read-more-btn button cs-btn-underline\" href=\"https:\/\/villaagrimare.it\/eng\/lolio-extra-vergine-di-oliva-agrimare\/\"><span>Read More<\/span><\/a>\n        <\/div>            <\/footer>\t<\/div>\n<\/article>\n\n<article class=\"post-3632 post type-post status-publish format-standard has-post-thumbnail hentry category-news\">\n            <div class=\"featured-img\">\n        \t<a href=\"https:\/\/villaagrimare.it\/eng\/i-sapori-della-puglia-a-villa-agrimare\/\"><img decoding=\"async\" width=\"780\" height=\"1040\" src=\"https:\/\/villaagrimare.it\/wp-content\/uploads\/2025\/02\/20240808_194023-780x1040.jpg\" class=\"attachment-cozystay_780x9999 size-cozystay_780x9999 wp-post-image\" alt=\"\" srcset=\"https:\/\/villaagrimare.it\/wp-content\/uploads\/2025\/02\/20240808_194023-780x1040.jpg 780w, https:\/\/villaagrimare.it\/wp-content\/uploads\/2025\/02\/20240808_194023-225x300.jpg 225w, https:\/\/villaagrimare.it\/wp-content\/uploads\/2025\/02\/20240808_194023-768x1024.jpg 768w, https:\/\/villaagrimare.it\/wp-content\/uploads\/2025\/02\/20240808_194023-1152x1536.jpg 1152w, https:\/\/villaagrimare.it\/wp-content\/uploads\/2025\/02\/20240808_194023-1536x2048.jpg 1536w, https:\/\/villaagrimare.it\/wp-content\/uploads\/2025\/02\/20240808_194023-9x12.jpg 9w, https:\/\/villaagrimare.it\/wp-content\/uploads\/2025\/02\/20240808_194023-scaled.jpg 1920w, https:\/\/villaagrimare.it\/wp-content\/uploads\/2025\/02\/20240808_194023-1440x1920.jpg 1440w, https:\/\/villaagrimare.it\/wp-content\/uploads\/2025\/02\/20240808_194023-1200x1600.jpg 1200w, https:\/\/villaagrimare.it\/wp-content\/uploads\/2025\/02\/20240808_194023-600x800.jpg 600w, https:\/\/villaagrimare.it\/wp-content\/uploads\/2025\/02\/20240808_194023-550x733.jpg 550w, https:\/\/villaagrimare.it\/wp-content\/uploads\/2025\/02\/20240808_194023-370x493.jpg 370w, https:\/\/villaagrimare.it\/wp-content\/uploads\/2025\/02\/20240808_194023-255x340.jpg 255w, https:\/\/villaagrimare.it\/wp-content\/uploads\/2025\/02\/20240808_194023-113x150.jpg 113w\" sizes=\"(max-width: 780px) 100vw, 780px\" \/><\/a>            <div class=\"overlay-label time-label featured-style\">\n                <div class=\"meta-item time\">\n                    <time class=\"published\" datetime=\"2025-02-10T22:46:50+01:00\">\n                        <span class=\"month\">Feb<\/span> <span class=\"day\">10<\/span>\n                    <\/time>\n                <\/div>\n            <\/div>        <\/div>\n\t<div class=\"post-content\">\n\t\t<header class=\"post-header\">            <div class=\"meta-wrap\">    \t\t\t<div class=\"meta\">        <div class=\"meta-item author\">\n            By <a href=\"https:\/\/villaagrimare.it\/eng\/author\/admin\/\">Villa Agrimare<\/a>\n        <\/div>    \t\t\t<\/div>            <\/div>    <h2 class=\"post-title\">\n        <a href=\"https:\/\/villaagrimare.it\/eng\/i-sapori-della-puglia-a-villa-agrimare\/\">I SAPORI DELLA PUGLIA A VILLA AGRIMARE\u2026<\/a>\n    <\/h2>\t\t<\/header>\t\t<div class=\"post-excerpt\"><p>La magia di Villa Agrimare e il gusto autentico del GarganoQuando abbiamo conosciuto Gino, ci \u00e8 piaciuto subito. Non solo per le sue meravigliose ricotte &#8230;<\/p>\n<\/div>             <footer class=\"post-footer\">        <div class=\"more-btn\">\n            <a class=\"read-more-btn button cs-btn-underline\" href=\"https:\/\/villaagrimare.it\/eng\/i-sapori-della-puglia-a-villa-agrimare\/\"><span>Read More<\/span><\/a>\n        <\/div>            <\/footer>\t<\/div>\n<\/article>\n\n<article class=\"post-142 post type-post status-publish format-gallery has-post-thumbnail hentry category-news post_format-post-format-gallery\">\n            <div class=\"featured-img\">\n            <a href=\"https:\/\/villaagrimare.it\/eng\/perche-villa-agrimare\/\">\t\t\t\t\t\t\t<ul class=\"thumbnail-gallery single-img-gallery\">\t\t\t\t\t\t\t\t\t<li class=\"first\"><img loading=\"lazy\" decoding=\"async\" width=\"1280\" height=\"979\" src=\"https:\/\/villaagrimare.it\/wp-content\/uploads\/2023\/04\/IMG_0158R-1.jpg\" class=\"skip-lazy\" alt=\"Ma perch\u00e8 Villa Agrimare?\" srcset=\"https:\/\/villaagrimare.it\/wp-content\/uploads\/2023\/04\/IMG_0158R-1.jpg 1280w, https:\/\/villaagrimare.it\/wp-content\/uploads\/2023\/04\/IMG_0158R-1-300x229.jpg 300w, https:\/\/villaagrimare.it\/wp-content\/uploads\/2023\/04\/IMG_0158R-1-1024x783.jpg 1024w, https:\/\/villaagrimare.it\/wp-content\/uploads\/2023\/04\/IMG_0158R-1-768x587.jpg 768w, https:\/\/villaagrimare.it\/wp-content\/uploads\/2023\/04\/IMG_0158R-1-16x12.jpg 16w, https:\/\/villaagrimare.it\/wp-content\/uploads\/2023\/04\/IMG_0158R-1-1200x918.jpg 1200w, https:\/\/villaagrimare.it\/wp-content\/uploads\/2023\/04\/IMG_0158R-1-780x597.jpg 780w, https:\/\/villaagrimare.it\/wp-content\/uploads\/2023\/04\/IMG_0158R-1-600x459.jpg 600w, https:\/\/villaagrimare.it\/wp-content\/uploads\/2023\/04\/IMG_0158R-1-550x421.jpg 550w, https:\/\/villaagrimare.it\/wp-content\/uploads\/2023\/04\/IMG_0158R-1-370x283.jpg 370w, https:\/\/villaagrimare.it\/wp-content\/uploads\/2023\/04\/IMG_0158R-1-255x195.jpg 255w, https:\/\/villaagrimare.it\/wp-content\/uploads\/2023\/04\/IMG_0158R-1-150x115.jpg 150w\" sizes=\"(max-width: 1280px) 100vw, 1280px\" \/>\t\t\t\t\t\t\t\t\t<\/li>\t\t\t\t\t\t\t\t\t<li class=\"hide\"><img loading=\"lazy\" decoding=\"async\" width=\"1280\" height=\"962\" src=\"https:\/\/villaagrimare.it\/wp-content\/uploads\/2023\/04\/IMG_20170801_170547_676.jpg\" class=\"skip-lazy\" alt=\"Ma perch\u00e8 Villa Agrimare?\" srcset=\"https:\/\/villaagrimare.it\/wp-content\/uploads\/2023\/04\/IMG_20170801_170547_676.jpg 1280w, https:\/\/villaagrimare.it\/wp-content\/uploads\/2023\/04\/IMG_20170801_170547_676-300x225.jpg 300w, https:\/\/villaagrimare.it\/wp-content\/uploads\/2023\/04\/IMG_20170801_170547_676-1024x770.jpg 1024w, https:\/\/villaagrimare.it\/wp-content\/uploads\/2023\/04\/IMG_20170801_170547_676-768x577.jpg 768w, https:\/\/villaagrimare.it\/wp-content\/uploads\/2023\/04\/IMG_20170801_170547_676-16x12.jpg 16w, https:\/\/villaagrimare.it\/wp-content\/uploads\/2023\/04\/IMG_20170801_170547_676-1200x902.jpg 1200w, https:\/\/villaagrimare.it\/wp-content\/uploads\/2023\/04\/IMG_20170801_170547_676-780x586.jpg 780w, https:\/\/villaagrimare.it\/wp-content\/uploads\/2023\/04\/IMG_20170801_170547_676-600x451.jpg 600w, https:\/\/villaagrimare.it\/wp-content\/uploads\/2023\/04\/IMG_20170801_170547_676-550x413.jpg 550w, https:\/\/villaagrimare.it\/wp-content\/uploads\/2023\/04\/IMG_20170801_170547_676-370x278.jpg 370w, https:\/\/villaagrimare.it\/wp-content\/uploads\/2023\/04\/IMG_20170801_170547_676-255x192.jpg 255w, https:\/\/villaagrimare.it\/wp-content\/uploads\/2023\/04\/IMG_20170801_170547_676-150x113.jpg 150w\" sizes=\"(max-width: 1280px) 100vw, 1280px\" \/>\t\t\t\t\t\t\t\t\t<\/li>\t\t\t\t\t\t\t<\/ul>\n\t\t\t\t\t\t\t<\/a>\n            <div class=\"slider-arrows\"><\/div>\n            <div class=\"slider-dots\"><\/div>            <div class=\"overlay-label time-label featured-style\">\n                <div class=\"meta-item time\">\n                    <time class=\"published\" datetime=\"2023-04-26T08:50:29+01:00\">\n                        <span class=\"month\">Apr<\/span> <span class=\"day\">26<\/span>\n                    <\/time>\n                <\/div>\n            <\/div>        <\/div>\n\t<div class=\"post-content\">\n\t\t<header class=\"post-header\">            <div class=\"meta-wrap\">    \t\t\t<div class=\"meta\">        <div class=\"meta-item author\">\n            By <a href=\"https:\/\/villaagrimare.it\/eng\/author\/admin\/\">Villa Agrimare<\/a>\n        <\/div>    \t\t\t<\/div>            <\/div>    <h2 class=\"post-title\">\n        <a href=\"https:\/\/villaagrimare.it\/eng\/perche-villa-agrimare\/\">But why choose Villa Agrimare?<\/a>\n    <\/h2>\t\t<\/header>\t\t<div class=\"post-excerpt\"><p>1. Perch\u00e9 Villa Agrimare \u00e8&nbsp;pugliese, ma anche garganica nell&#8217;animo. La nostra pugliesit\u00e0 \u00e8 nel nostro&nbsp;olio extra vergine,&nbsp;negli alberi da frutto, nelle caprette che passano ogni &#8230;<\/p>\n<\/div>             <footer class=\"post-footer\">        <div class=\"more-btn\">\n            <a class=\"read-more-btn button cs-btn-underline\" href=\"https:\/\/villaagrimare.it\/eng\/perche-villa-agrimare\/\"><span>Read More<\/span><\/a>\n        <\/div>            <\/footer>\t<\/div>\n<\/article>\n\n<article class=\"post-134 post type-post status-publish format-standard has-post-thumbnail hentry category-news\">\n            <div class=\"featured-img\">\n        \t<a href=\"https:\/\/villaagrimare.it\/eng\/guest-review-award-booking\/\"><img loading=\"lazy\" decoding=\"async\" width=\"780\" height=\"511\" src=\"https:\/\/villaagrimare.it\/wp-content\/uploads\/2023\/03\/Immagine1-780x511.png\" class=\"attachment-cozystay_780x9999 size-cozystay_780x9999 wp-post-image\" alt=\"\" srcset=\"https:\/\/villaagrimare.it\/wp-content\/uploads\/2023\/03\/Immagine1-780x511.png 780w, https:\/\/villaagrimare.it\/wp-content\/uploads\/2023\/03\/Immagine1-300x197.png 300w, https:\/\/villaagrimare.it\/wp-content\/uploads\/2023\/03\/Immagine1-1024x671.png 1024w, https:\/\/villaagrimare.it\/wp-content\/uploads\/2023\/03\/Immagine1-768x504.png 768w, https:\/\/villaagrimare.it\/wp-content\/uploads\/2023\/03\/Immagine1-1536x1007.png 1536w, https:\/\/villaagrimare.it\/wp-content\/uploads\/2023\/03\/Immagine1-2048x1343.png 2048w, https:\/\/villaagrimare.it\/wp-content\/uploads\/2023\/03\/Immagine1-18x12.png 18w, https:\/\/villaagrimare.it\/wp-content\/uploads\/2023\/03\/Immagine1-1920x1259.png 1920w, https:\/\/villaagrimare.it\/wp-content\/uploads\/2023\/03\/Immagine1-1440x944.png 1440w, https:\/\/villaagrimare.it\/wp-content\/uploads\/2023\/03\/Immagine1-1200x787.png 1200w, https:\/\/villaagrimare.it\/wp-content\/uploads\/2023\/03\/Immagine1-600x393.png 600w, https:\/\/villaagrimare.it\/wp-content\/uploads\/2023\/03\/Immagine1-550x361.png 550w, https:\/\/villaagrimare.it\/wp-content\/uploads\/2023\/03\/Immagine1-370x243.png 370w, https:\/\/villaagrimare.it\/wp-content\/uploads\/2023\/03\/Immagine1-255x167.png 255w, https:\/\/villaagrimare.it\/wp-content\/uploads\/2023\/03\/Immagine1-150x98.png 150w\" sizes=\"(max-width: 780px) 100vw, 780px\" \/><\/a>            <div class=\"overlay-label time-label featured-style\">\n                <div class=\"meta-item time\">\n                    <time class=\"published\" datetime=\"2023-03-12T06:43:26+01:00\">\n                        <span class=\"month\">Mar<\/span> <span class=\"day\">12<\/span>\n                    <\/time>\n                <\/div>\n            <\/div>        <\/div>\n\t<div class=\"post-content\">\n\t\t<header class=\"post-header\">            <div class=\"meta-wrap\">    \t\t\t<div class=\"meta\">        <div class=\"meta-item author\">\n            By <a href=\"https:\/\/villaagrimare.it\/eng\/author\/admin\/\">Villa Agrimare<\/a>\n        <\/div>    \t\t\t<\/div>            <\/div>    <h2 class=\"post-title\">\n        <a href=\"https:\/\/villaagrimare.it\/eng\/guest-review-award-booking\/\">Guest Review Award Booking<\/a>\n    <\/h2>\t\t<\/header>\t\t<div class=\"post-excerpt\"><p>Il premio \u00e8\u00a0 un simbolo dell\u2019impegno che unisce l\u2019azienda alle sue strutture partner in tutto il mondo\u00a0e il\u00a0residence Villa Agrimare\u00a0ha ricevuto il Guest Review Award 2024, ottenendo un punteggio complessivo di 8.5\u00a0!<\/p>\n<\/div>             <footer class=\"post-footer\">        <div class=\"more-btn\">\n            <a class=\"read-more-btn button cs-btn-underline\" href=\"https:\/\/villaagrimare.it\/eng\/guest-review-award-booking\/\"><span>Read More<\/span><\/a>\n        <\/div>            <\/footer>\t<\/div>\n<\/article>\n\t\t\t\t<\/div>\t\t\t\t<\/div>\t\t\t\t<\/div>\n\t\t\t\t<\/div>\n\t\t\t\t\t<\/div>\n\t\t\t\t<\/div>\n\t\t\t\t<\/div>","protected":false},"excerpt":{"rendered":"<p>Apr 26 By Villa Agrimare Ma perch\u00e8 Villa Agrimare? 1. Perch\u00e9 Villa Agrimare \u00e8&nbsp;pugliese, ma anche garganica nell&#8217;animo. La nostra pugliesit\u00e0 \u00e8 nel nostro&nbsp;olio extra vergine,&nbsp;negli alberi da frutto, nelle caprette che passano ogni &#8230; Read More Mar 12 By Villa Agrimare Guest Review Award Booking Il premio \u00e8\u00a0 un simbolo dell\u2019impegno che unisce l\u2019azienda &#8230;<\/p>","protected":false},"author":1,"featured_media":3304,"parent":0,"menu_order":0,"comment_status":"closed","ping_status":"closed","template":"","meta":{"_coblocks_attr":"","_coblocks_dimensions":"","_coblocks_responsive_height":"","_coblocks_accordion_ie_support":"","_uf_show_specific_survey":0,"_uf_disable_surveys":false,"two_page_speed":[],"cozystay_single_page_hide_site_header":"","cozystay_single_page_site_header_source":"","cozystay_single_page_custom_site_header":"0","cozystay_single_page_custom_sticky_site_header":"0","cozystay_single_page_hide_page_title":"","cozystay_single_page_header_section_size":"","cozystay_single_page_header_background_color":"","cozystay_single_page_header_background_position_x":"center","cozystay_single_page_header_background_position_y":"center","cozystay_single_page_header_background_size":"cover","cozystay_single_page_header_background_repeat":"off","cozystay_single_page_header_background_scroll":"on","cozystay_single_page_header_text_color":"","cozystay_single_page_header_show_breadcrumb":"","cozystay_single_page_site_footer_hide_main":"","cozystay_single_custom_site_footer_main_source":"","cozystay_single_custom_site_footer_main":"0","cozystay_single_page_site_footer_hide_above":"","cozystay_single_custom_site_footer_above_source":"","cozystay_single_custom_site_footer_above":"0","cozystay_single_page_site_footer_hide_instagram":"","cozystay_single_page_site_footer_hide_bottom":"","cozystay_single_custom_mobile_menu_source":"","cozystay_single_custom_mobile_menu":"0","cozystay_single_custom_mobile_menu_animation":"","cozystay_single_custom_mobile_menu_width":"","cozystay_single_custom_mobile_menu_custom_width":375,"footnotes":""},"class_list":["post-3467","page","type-page","status-publish","has-post-thumbnail","hentry"],"aioseo_notices":[],"_links":{"self":[{"href":"https:\/\/villaagrimare.it\/eng\/wp-json\/wp\/v2\/pages\/3467","targetHints":{"allow":["GET"]}}],"collection":[{"href":"https:\/\/villaagrimare.it\/eng\/wp-json\/wp\/v2\/pages"}],"about":[{"href":"https:\/\/villaagrimare.it\/eng\/wp-json\/wp\/v2\/types\/page"}],"author":[{"embeddable":true,"href":"https:\/\/villaagrimare.it\/eng\/wp-json\/wp\/v2\/users\/1"}],"replies":[{"embeddable":true,"href":"https:\/\/villaagrimare.it\/eng\/wp-json\/wp\/v2\/comments?post=3467"}],"version-history":[{"count":6,"href":"https:\/\/villaagrimare.it\/eng\/wp-json\/wp\/v2\/pages\/3467\/revisions"}],"predecessor-version":[{"id":4292,"href":"https:\/\/villaagrimare.it\/eng\/wp-json\/wp\/v2\/pages\/3467\/revisions\/4292"}],"wp:featuredmedia":[{"embeddable":true,"href":"https:\/\/villaagrimare.it\/eng\/wp-json\/wp\/v2\/media\/3304"}],"wp:attachment":[{"href":"https:\/\/villaagrimare.it\/eng\/wp-json\/wp\/v2\/media?parent=3467"}],"curies":[{"name":"wp","href":"https:\/\/api.w.org\/{rel}","templated":true}]}}